{"id":278,"date":"2018-04-26T08:04:34","date_gmt":"2018-04-26T08:04:34","guid":{"rendered":"http:\/\/greenin.hu\/en\/?page_id=278"},"modified":"2018-04-26T08:37:59","modified_gmt":"2018-04-26T08:37:59","slug":"plant-rental","status":"publish","type":"page","link":"https:\/\/greenin.hu\/en\/plant-rental\/","title":{"rendered":"Plant rental"},"content":{"rendered":"<div class=\"fusion-fullwidth fullwidth-box nonhundred-percent-fullwidth non-hundred-percent-height-scrolling\"  style='background-color: rgba(255,255,255,0);background-position: center center;background-repeat: no-repeat;padding-top:0px;padding-right:0px;padding-bottom:0px;padding-left:0px;'><div class=\"fusion-builder-row fusion-row \"><div  class=\"fusion-layout-column fusion_builder_column fusion_builder_column_1_1  fusion-one-full fusion-column-first fusion-column-last 1_1\"  style='margin-top:0px;margin-bottom:0px;'>\n\t\t\t\t\t<div class=\"fusion-column-wrapper\" style=\"padding: 0px 0px 0px 0px;background-position:left top;background-repeat:no-repeat;-webkit-background-size:cover;-moz-background-size:cover;-o-background-size:cover;background-size:cover;\"  data-bg-url=\"\">\n\t\t\t\t\t\t<div class=\"fusion-text\"><p style=\"font-size: 18px;\">Office Plant Rental is the most effective tool to instantly boost your business without having to invest enormous money and without having to taking care of plants. No need to pay anything in advance, but you can feel the positive effects of office plants within days. <\/p>\n<div id=\"attachment_193\" style=\"width: 670px\" class=\"wp-caption aligncenter\"><img loading=\"lazy\" decoding=\"async\" aria-describedby=\"caption-attachment-193\" class=\"size-full wp-image-193\" src=\"http:\/\/greenin.hu\/wp-content\/uploads\/2018\/04\/green-office-5.jpg\" alt=\"\" width=\"660\" height=\"423\" srcset=\"https:\/\/greenin.hu\/wp-content\/uploads\/2018\/04\/green-office-5-200x128.jpg 200w, https:\/\/greenin.hu\/wp-content\/uploads\/2018\/04\/green-office-5-300x192.jpg 300w, https:\/\/greenin.hu\/wp-content\/uploads\/2018\/04\/green-office-5-400x256.jpg 400w, https:\/\/greenin.hu\/wp-content\/uploads\/2018\/04\/green-office-5-460x295.jpg 460w, https:\/\/greenin.hu\/wp-content\/uploads\/2018\/04\/green-office-5-600x385.jpg 600w, https:\/\/greenin.hu\/wp-content\/uploads\/2018\/04\/green-office-5.jpg 660w\" sizes=\"auto, (max-width: 660px) 100vw, 660px\" \/><p id=\"caption-attachment-193\" class=\"wp-caption-text\">Plans clean air and provide oxygen<\/p><\/div>\n<h2>How does GREENIN plant decoration service work?<\/h2>\n<p>According to the customer needs and the features of the venue, the appropriate plants will be selected from small potplants to larger trees and planters which match to style of the interior. From that point, the customer has no other task. Planting, arrangement of the plants at the customers offices, irrigation  plant nutrition are carried out by the GREENIN team. <\/p>\n<p>Lot of plants needed, but little space or too little light available in your office? Learn about our <a href=\"\/en\/green-walls\/\">Green Wall Solutions<\/a> \u00bb<\/p>\n<div id=\"attachment_171\" style=\"width: 1010px\" class=\"wp-caption aligncenter\"><img loading=\"lazy\" decoding=\"async\" aria-describedby=\"caption-attachment-171\" class=\"size-full wp-image-171\" src=\"http:\/\/greenin.hu\/wp-content\/uploads\/2018\/04\/green-office-2.jpg\" alt=\"\" width=\"1000\" height=\"620\" srcset=\"https:\/\/greenin.hu\/wp-content\/uploads\/2018\/04\/green-office-2-200x124.jpg 200w, https:\/\/greenin.hu\/wp-content\/uploads\/2018\/04\/green-office-2-300x186.jpg 300w, https:\/\/greenin.hu\/wp-content\/uploads\/2018\/04\/green-office-2-400x248.jpg 400w, https:\/\/greenin.hu\/wp-content\/uploads\/2018\/04\/green-office-2-600x372.jpg 600w, https:\/\/greenin.hu\/wp-content\/uploads\/2018\/04\/green-office-2-768x476.jpg 768w, https:\/\/greenin.hu\/wp-content\/uploads\/2018\/04\/green-office-2-800x496.jpg 800w, https:\/\/greenin.hu\/wp-content\/uploads\/2018\/04\/green-office-2.jpg 1000w\" sizes=\"auto, (max-width: 1000px) 100vw, 1000px\" \/><p id=\"caption-attachment-171\" class=\"wp-caption-text\">Customers enjoy being at our offices<\/p><\/div>\n<div class=\"gyik\">\n<h3>Frequently asked Questions<\/h3>\n<h4><i class=\"fa fa-question-circle\"><\/i>How does long term rental and maintenance work?<\/h4>\n<p>Pre-agreed plants are placed in your office and we are regularly treating the plants: watering, fertilizing, removing dried leaves, cleaning the leaves as necessary, performing the necessary plant protection, and replacing dead plants. This is a very popular solution because it is hassle-free, cheap and has no capital requirement. <\/p>\n<h4><i class=\"fa fa-credit-card\"><\/i>Should I pay in advance when renting a plant?<\/h4>\n<p>No. You will only have to pay the monthly invoice, after the plants have been delivered to your office. <\/p>\n<h4><i class=\"fa fa-tint\"><\/i>Will we have to water the plants?<\/h4>\n<p>Not necessary. We regularly take care of the plants: sprinkle, fertilize, remove the dried leaves, clean the leaves as needed, make the necessary pest control and replace the dead plants. <\/p>\n<h4><i class=\"fa fa-thermometer-empty\"><\/i>Do not even have to sprinkle when the water level indicator on the plant is at minimum? <\/h4>\n<p>Not necessary. For the plant there is enough moisture for 4-5 days. <\/p>\n<h4><i class=\"fa fa-ambulance\"><\/i>What happens if the plant dies?<\/h4>\n<p>Withering plants will be replaced free of charge. <\/p>\n<h4><i class=\"fa fa-shopping-bag\"><\/i>Can I buy plant decoration?<\/h4>\n<p>Yes. If you have a green thumb and time to care for the plants, you can buy your own plant decoration.We will also help with this. <\/p>\n<h4><i class=\"fa fa-sun-o\"><\/i> There is not enough natural light in our office. Can we buy live plants?<\/h4>\n<p>We always propose plants suitable for the light conditions. There are plants that are super tolerant of dark interiors. In fact, we can suggest light and maintenance-free, yet natural green surfaces too. <\/p>\n<h4><i class=\"fa fa-smile-o\"><\/i>What if the plant next to my table is winking at me?<\/h4>\n<p>It&#8217;s just a game of imagination. You work too much without rest. Take a short break \ud83d\ude42<\/p>\n<\/div>\n<\/div><div class=\"fusion-sep-clear\"><\/div><div class=\"fusion-separator fusion-full-width-sep sep-single sep-solid\" style=\"border-color:rgba(224,222,222,0);border-top-width:1px;margin-left: auto;margin-right: auto;margin-top:10px;margin-bottom:10px;\"><\/div><div class=\"fusion-button-wrapper fusion-aligncenter\"><style type=\"text\/css\" scoped=\"scoped\">.fusion-button.button-1 .fusion-button-text, .fusion-button.button-1 i {color:#ffffff;}.fusion-button.button-1 {border-width:0px;border-color:#ffffff;}.fusion-button.button-1 .fusion-button-icon-divider{border-color:#ffffff;}.fusion-button.button-1:hover .fusion-button-text, .fusion-button.button-1:hover i,.fusion-button.button-1:focus .fusion-button-text, .fusion-button.button-1:focus i,.fusion-button.button-1:active .fusion-button-text, .fusion-button.button-1:active{color:#ffffff;}.fusion-button.button-1:hover, .fusion-button.button-1:focus, .fusion-button.button-1:active{border-width:0px;border-color:#ffffff;}.fusion-button.button-1:hover .fusion-button-icon-divider, .fusion-button.button-1:hover .fusion-button-icon-divider, .fusion-button.button-1:active .fusion-button-icon-divider{border-color:#ffffff;}.fusion-button.button-1{width:auto;}<\/style><a class=\"fusion-button button-flat fusion-button-round button-large button-default button-1\" target=\"_self\" href=\"\/en\/contact\/\"><span class=\"fusion-button-icon-divider button-icon-divider-left\"><i class=\"fa fa-comments\"><\/i><\/span><span class=\"fusion-button-text fusion-button-text-left\">Contact us<\/span><\/a><\/div><div class=\"fusion-sep-clear\"><\/div><div class=\"fusion-separator fusion-full-width-sep sep-single sep-solid\" style=\"border-color:rgba(224,222,222,0);border-top-width:1px;margin-left: auto;margin-right: auto;margin-top:10px;margin-bottom:10px;\"><\/div><div class=\"fusion-clearfix\"><\/div>\n\n\t\t\t\t\t<\/div>\n\t\t\t\t<\/div><\/div><\/div>\n","protected":false},"excerpt":{"rendered":"","protected":false},"author":1,"featured_media":0,"parent":0,"menu_order":0,"comment_status":"closed","ping_status":"closed","template":"","meta":{"footnotes":""},"class_list":["post-278","page","type-page","status-publish","hentry"],"yoast_head":"<!-- This site is optimized with the Yoast SEO plugin v26.1.1 - https:\/\/yoast.com\/wordpress\/plugins\/seo\/ -->\n<title>Plant rental - GREENIN<\/title>\n<meta name=\"robots\" content=\"index, follow, max-snippet:-1, max-image-preview:large, max-video-preview:-1\" \/>\n<link rel=\"canonical\" href=\"https:\/\/greenin.hu\/en\/plant-rental\/\" \/>\n<meta property=\"og:locale\" content=\"en_US\" \/>\n<meta property=\"og:type\" content=\"article\" \/>\n<meta property=\"og:title\" content=\"Plant rental - GREENIN\" \/>\n<meta property=\"og:url\" content=\"https:\/\/greenin.hu\/en\/plant-rental\/\" \/>\n<meta property=\"og:site_name\" content=\"GREENIN\" \/>\n<meta property=\"article:modified_time\" content=\"2018-04-26T08:37:59+00:00\" \/>\n<meta property=\"og:image\" content=\"http:\/\/greenin.hu\/wp-content\/uploads\/2018\/04\/green-office-5.jpg\" \/>\n<meta name=\"twitter:card\" content=\"summary_large_image\" \/>\n<meta name=\"twitter:label1\" content=\"Est. reading time\" \/>\n\t<meta name=\"twitter:data1\" content=\"4 minutes\" \/>\n<script type=\"application\/ld+json\" class=\"yoast-schema-graph\">{\"@context\":\"https:\/\/schema.org\",\"@graph\":[{\"@type\":\"WebPage\",\"@id\":\"https:\/\/greenin.hu\/en\/plant-rental\/\",\"url\":\"https:\/\/greenin.hu\/en\/plant-rental\/\",\"name\":\"Plant rental - GREENIN\",\"isPartOf\":{\"@id\":\"https:\/\/greenin.hu\/#website\"},\"primaryImageOfPage\":{\"@id\":\"https:\/\/greenin.hu\/en\/plant-rental\/#primaryimage\"},\"image\":{\"@id\":\"https:\/\/greenin.hu\/en\/plant-rental\/#primaryimage\"},\"thumbnailUrl\":\"http:\/\/greenin.hu\/wp-content\/uploads\/2018\/04\/green-office-5.jpg\",\"datePublished\":\"2018-04-26T08:04:34+00:00\",\"dateModified\":\"2018-04-26T08:37:59+00:00\",\"breadcrumb\":{\"@id\":\"https:\/\/greenin.hu\/en\/plant-rental\/#breadcrumb\"},\"inLanguage\":\"en-US\",\"potentialAction\":[{\"@type\":\"ReadAction\",\"target\":[\"https:\/\/greenin.hu\/en\/plant-rental\/\"]}]},{\"@type\":\"ImageObject\",\"inLanguage\":\"en-US\",\"@id\":\"https:\/\/greenin.hu\/en\/plant-rental\/#primaryimage\",\"url\":\"http:\/\/greenin.hu\/wp-content\/uploads\/2018\/04\/green-office-5.jpg\",\"contentUrl\":\"http:\/\/greenin.hu\/wp-content\/uploads\/2018\/04\/green-office-5.jpg\"},{\"@type\":\"BreadcrumbList\",\"@id\":\"https:\/\/greenin.hu\/en\/plant-rental\/#breadcrumb\",\"itemListElement\":[{\"@type\":\"ListItem\",\"position\":1,\"name\":\"Kezd\u0151lap\",\"item\":\"https:\/\/greenin.hu\/en\/\"},{\"@type\":\"ListItem\",\"position\":2,\"name\":\"Plant rental\"}]},{\"@type\":\"WebSite\",\"@id\":\"https:\/\/greenin.hu\/#website\",\"url\":\"https:\/\/greenin.hu\/\",\"name\":\"GREENIN\",\"description\":\"Irodai n\u00f6v\u00e9nyb\u00e9rl\u00e9s\",\"publisher\":{\"@id\":\"https:\/\/greenin.hu\/#organization\"},\"potentialAction\":[{\"@type\":\"SearchAction\",\"target\":{\"@type\":\"EntryPoint\",\"urlTemplate\":\"https:\/\/greenin.hu\/?s={search_term_string}\"},\"query-input\":{\"@type\":\"PropertyValueSpecification\",\"valueRequired\":true,\"valueName\":\"search_term_string\"}}],\"inLanguage\":\"en-US\"},{\"@type\":\"Organization\",\"@id\":\"https:\/\/greenin.hu\/#organization\",\"name\":\"GREENIN\",\"url\":\"https:\/\/greenin.hu\/\",\"logo\":{\"@type\":\"ImageObject\",\"inLanguage\":\"en-US\",\"@id\":\"https:\/\/greenin.hu\/#\/schema\/logo\/image\/\",\"url\":\"https:\/\/greenin.hu\/wp-content\/uploads\/2018\/03\/logo.png\",\"contentUrl\":\"https:\/\/greenin.hu\/wp-content\/uploads\/2018\/03\/logo.png\",\"width\":300,\"height\":70,\"caption\":\"GREENIN\"},\"image\":{\"@id\":\"https:\/\/greenin.hu\/#\/schema\/logo\/image\/\"}}]}<\/script>\n<!-- \/ Yoast SEO plugin. -->","yoast_head_json":{"title":"Plant rental - GREENIN","robots":{"index":"index","follow":"follow","max-snippet":"max-snippet:-1","max-image-preview":"max-image-preview:large","max-video-preview":"max-video-preview:-1"},"canonical":"https:\/\/greenin.hu\/en\/plant-rental\/","og_locale":"en_US","og_type":"article","og_title":"Plant rental - GREENIN","og_url":"https:\/\/greenin.hu\/en\/plant-rental\/","og_site_name":"GREENIN","article_modified_time":"2018-04-26T08:37:59+00:00","og_image":[{"url":"http:\/\/greenin.hu\/wp-content\/uploads\/2018\/04\/green-office-5.jpg","type":"","width":"","height":""}],"twitter_card":"summary_large_image","twitter_misc":{"Est. reading time":"4 minutes"},"schema":{"@context":"https:\/\/schema.org","@graph":[{"@type":"WebPage","@id":"https:\/\/greenin.hu\/en\/plant-rental\/","url":"https:\/\/greenin.hu\/en\/plant-rental\/","name":"Plant rental - GREENIN","isPartOf":{"@id":"https:\/\/greenin.hu\/#website"},"primaryImageOfPage":{"@id":"https:\/\/greenin.hu\/en\/plant-rental\/#primaryimage"},"image":{"@id":"https:\/\/greenin.hu\/en\/plant-rental\/#primaryimage"},"thumbnailUrl":"http:\/\/greenin.hu\/wp-content\/uploads\/2018\/04\/green-office-5.jpg","datePublished":"2018-04-26T08:04:34+00:00","dateModified":"2018-04-26T08:37:59+00:00","breadcrumb":{"@id":"https:\/\/greenin.hu\/en\/plant-rental\/#breadcrumb"},"inLanguage":"en-US","potentialAction":[{"@type":"ReadAction","target":["https:\/\/greenin.hu\/en\/plant-rental\/"]}]},{"@type":"ImageObject","inLanguage":"en-US","@id":"https:\/\/greenin.hu\/en\/plant-rental\/#primaryimage","url":"http:\/\/greenin.hu\/wp-content\/uploads\/2018\/04\/green-office-5.jpg","contentUrl":"http:\/\/greenin.hu\/wp-content\/uploads\/2018\/04\/green-office-5.jpg"},{"@type":"BreadcrumbList","@id":"https:\/\/greenin.hu\/en\/plant-rental\/#breadcrumb","itemListElement":[{"@type":"ListItem","position":1,"name":"Kezd\u0151lap","item":"https:\/\/greenin.hu\/en\/"},{"@type":"ListItem","position":2,"name":"Plant rental"}]},{"@type":"WebSite","@id":"https:\/\/greenin.hu\/#website","url":"https:\/\/greenin.hu\/","name":"GREENIN","description":"Irodai n\u00f6v\u00e9nyb\u00e9rl\u00e9s","publisher":{"@id":"https:\/\/greenin.hu\/#organization"},"potentialAction":[{"@type":"SearchAction","target":{"@type":"EntryPoint","urlTemplate":"https:\/\/greenin.hu\/?s={search_term_string}"},"query-input":{"@type":"PropertyValueSpecification","valueRequired":true,"valueName":"search_term_string"}}],"inLanguage":"en-US"},{"@type":"Organization","@id":"https:\/\/greenin.hu\/#organization","name":"GREENIN","url":"https:\/\/greenin.hu\/","logo":{"@type":"ImageObject","inLanguage":"en-US","@id":"https:\/\/greenin.hu\/#\/schema\/logo\/image\/","url":"https:\/\/greenin.hu\/wp-content\/uploads\/2018\/03\/logo.png","contentUrl":"https:\/\/greenin.hu\/wp-content\/uploads\/2018\/03\/logo.png","width":300,"height":70,"caption":"GREENIN"},"image":{"@id":"https:\/\/greenin.hu\/#\/schema\/logo\/image\/"}}]}},"_links":{"self":[{"href":"https:\/\/greenin.hu\/en\/wp-json\/wp\/v2\/pages\/278","targetHints":{"allow":["GET"]}}],"collection":[{"href":"https:\/\/greenin.hu\/en\/wp-json\/wp\/v2\/pages"}],"about":[{"href":"https:\/\/greenin.hu\/en\/wp-json\/wp\/v2\/types\/page"}],"author":[{"embeddable":true,"href":"https:\/\/greenin.hu\/en\/wp-json\/wp\/v2\/users\/1"}],"replies":[{"embeddable":true,"href":"https:\/\/greenin.hu\/en\/wp-json\/wp\/v2\/comments?post=278"}],"version-history":[{"count":3,"href":"https:\/\/greenin.hu\/en\/wp-json\/wp\/v2\/pages\/278\/revisions"}],"predecessor-version":[{"id":287,"href":"https:\/\/greenin.hu\/en\/wp-json\/wp\/v2\/pages\/278\/revisions\/287"}],"wp:attachment":[{"href":"https:\/\/greenin.hu\/en\/wp-json\/wp\/v2\/media?parent=278"}],"curies":[{"name":"wp","href":"https:\/\/api.w.org\/{rel}","templated":true}]}}