{"id":281,"date":"2018-04-26T08:14:22","date_gmt":"2018-04-26T08:14:22","guid":{"rendered":"http:\/\/greenin.hu\/en\/?page_id=281"},"modified":"2018-04-26T08:32:32","modified_gmt":"2018-04-26T08:32:32","slug":"green-walls","status":"publish","type":"page","link":"https:\/\/greenin.hu\/en\/green-walls\/","title":{"rendered":"Green walls"},"content":{"rendered":"<div class=\"fusion-fullwidth fullwidth-box nonhundred-percent-fullwidth non-hundred-percent-height-scrolling\"  style='background-color: rgba(255,255,255,0);background-position: center center;background-repeat: no-repeat;padding-top:0px;padding-right:0px;padding-bottom:0px;padding-left:0px;'><div class=\"fusion-builder-row fusion-row \"><div  class=\"fusion-layout-column fusion_builder_column fusion_builder_column_1_1  fusion-one-full fusion-column-first fusion-column-last 1_1\"  style='margin-top:0px;margin-bottom:0px;'>\n\t\t\t\t\t<div class=\"fusion-column-wrapper\" style=\"padding: 0px 0px 0px 0px;background-position:left top;background-repeat:no-repeat;-webkit-background-size:cover;-moz-background-size:cover;-o-background-size:cover;background-size:cover;\"  data-bg-url=\"\">\n\t\t\t\t\t\t<div class=\"fusion-text\"><p style=\"font-size: 18px;\">A green wall or a roomdivider filled with live plants perk the atmosphere of every room up. Nowadays, it is not just being in the fantasy of designers, but more and more smaller and larger companies choose this elegant solution. <\/p>\n<div id=\"attachment_160\" style=\"width: 1010px\" class=\"wp-caption aligncenter\"><img loading=\"lazy\" decoding=\"async\" aria-describedby=\"caption-attachment-160\" class=\"size-full wp-image-160\" src=\"http:\/\/greenin.hu\/wp-content\/uploads\/2018\/04\/green-office.jpg\" alt=\"\" width=\"1000\" height=\"550\" srcset=\"https:\/\/greenin.hu\/wp-content\/uploads\/2018\/04\/green-office-200x110.jpg 200w, https:\/\/greenin.hu\/wp-content\/uploads\/2018\/04\/green-office-300x165.jpg 300w, https:\/\/greenin.hu\/wp-content\/uploads\/2018\/04\/green-office-400x220.jpg 400w, https:\/\/greenin.hu\/wp-content\/uploads\/2018\/04\/green-office-600x330.jpg 600w, https:\/\/greenin.hu\/wp-content\/uploads\/2018\/04\/green-office-768x422.jpg 768w, https:\/\/greenin.hu\/wp-content\/uploads\/2018\/04\/green-office-800x440.jpg 800w, https:\/\/greenin.hu\/wp-content\/uploads\/2018\/04\/green-office.jpg 1000w\" sizes=\"auto, (max-width: 1000px) 100vw, 1000px\" \/><p id=\"caption-attachment-160\" class=\"wp-caption-text\">Plants reduce noise<\/p><\/div>\n<h2>Up to 100 plants on half a square meter<\/h2>\n<p>Roomdivider for separating individual functions are packed on both sides with beautiful green plants. Can you imagine nicer than that? There are many solutions of green walls, in terms of size, shape, color, fixed or movable \u2013 just imagination can limit the possibilities.<\/p>\n<div id=\"attachment_239\" style=\"width: 1210px\" class=\"wp-caption aligncenter\"><img loading=\"lazy\" decoding=\"async\" aria-describedby=\"caption-attachment-239\" class=\"size-full wp-image-239\" src=\"http:\/\/greenin.hu\/wp-content\/uploads\/2018\/04\/elo-fal.jpg\" alt=\"\" width=\"1200\" height=\"600\" srcset=\"https:\/\/greenin.hu\/wp-content\/uploads\/2018\/04\/elo-fal-200x100.jpg 200w, https:\/\/greenin.hu\/wp-content\/uploads\/2018\/04\/elo-fal-300x150.jpg 300w, https:\/\/greenin.hu\/wp-content\/uploads\/2018\/04\/elo-fal-400x200.jpg 400w, https:\/\/greenin.hu\/wp-content\/uploads\/2018\/04\/elo-fal-600x300.jpg 600w, https:\/\/greenin.hu\/wp-content\/uploads\/2018\/04\/elo-fal-768x384.jpg 768w, https:\/\/greenin.hu\/wp-content\/uploads\/2018\/04\/elo-fal-800x400.jpg 800w, https:\/\/greenin.hu\/wp-content\/uploads\/2018\/04\/elo-fal-1024x512.jpg 1024w, https:\/\/greenin.hu\/wp-content\/uploads\/2018\/04\/elo-fal.jpg 1200w\" sizes=\"auto, (max-width: 1200px) 100vw, 1200px\" \/><p id=\"caption-attachment-239\" class=\"wp-caption-text\">Plenty of green plants in a small place<\/p><\/div>\n<h3>Moss picture if there is no way to care<\/h3>\n<p>&#8220;Live&#8221; pictures or even wall-covering solutions provide comfort for the eyes and the soul. Even in places, where gardeners regular visit is undesirable or not possible, green solution can be enjoyed. In such a case, BioMontage or moss picture made of real moss can provide fresh green, almost natural dash of color to the room. <\/p>\n<div id=\"attachment_250\" style=\"width: 1010px\" class=\"wp-caption aligncenter\"><img loading=\"lazy\" decoding=\"async\" aria-describedby=\"caption-attachment-250\" class=\"size-full wp-image-250\" src=\"http:\/\/greenin.hu\/wp-content\/uploads\/2018\/04\/mohafal.jpg\" alt=\"\" width=\"1000\" height=\"668\" srcset=\"https:\/\/greenin.hu\/wp-content\/uploads\/2018\/04\/mohafal-200x134.jpg 200w, https:\/\/greenin.hu\/wp-content\/uploads\/2018\/04\/mohafal-300x200.jpg 300w, https:\/\/greenin.hu\/wp-content\/uploads\/2018\/04\/mohafal-400x267.jpg 400w, https:\/\/greenin.hu\/wp-content\/uploads\/2018\/04\/mohafal-600x401.jpg 600w, https:\/\/greenin.hu\/wp-content\/uploads\/2018\/04\/mohafal-768x513.jpg 768w, https:\/\/greenin.hu\/wp-content\/uploads\/2018\/04\/mohafal-800x534.jpg 800w, https:\/\/greenin.hu\/wp-content\/uploads\/2018\/04\/mohafal.jpg 1000w\" sizes=\"auto, (max-width: 1000px) 100vw, 1000px\" \/><p id=\"caption-attachment-250\" class=\"wp-caption-text\">Moss &#8211; where you can not take care plants<\/p><\/div>\n<div class=\"gyik\">\n<h3>Frequently asked Questions<\/h3>\n<h4><i class=\"fa fa-question-circle\"><\/i>How does long term rental and maintenance work?<\/h4>\n<p>Pre-agreed plants are placed in your office and we are regularly treating the plants: watering, fertilizing, removing dried leaves, cleaning the leaves as necessary, performing the necessary plant protection, and replacing dead plants. This is a very popular solution because it is hassle-free, cheap and has no capital requirement. <\/p>\n<h4><i class=\"fa fa-credit-card\"><\/i>Should I pay in advance when renting a plant?<\/h4>\n<p>No. You will only have to pay the monthly invoice, after the plants have been delivered to your office. <\/p>\n<h4><i class=\"fa fa-tint\"><\/i>Will we have to water the plants?<\/h4>\n<p>Not necessary. We regularly take care of the plants: sprinkle, fertilize, remove the dried leaves, clean the leaves as needed, make the necessary pest control and replace the dead plants. <\/p>\n<h4><i class=\"fa fa-thermometer-empty\"><\/i>Do not even have to sprinkle when the water level indicator on the plant is at minimum? <\/h4>\n<p>Not necessary. For the plant there is enough moisture for 4-5 days. <\/p>\n<h4><i class=\"fa fa-ambulance\"><\/i>What happens if the plant dies?<\/h4>\n<p>Withering plants will be replaced free of charge. <\/p>\n<h4><i class=\"fa fa-shopping-bag\"><\/i>Can I buy plant decoration?<\/h4>\n<p>Yes. If you have a green thumb and time to care for the plants, you can buy your own plant decoration.We will also help with this. <\/p>\n<h4><i class=\"fa fa-sun-o\"><\/i> There is not enough natural light in our office. Can we buy live plants?<\/h4>\n<p>We always propose plants suitable for the light conditions. There are plants that are super tolerant of dark interiors. In fact, we can suggest light and maintenance-free, yet natural green surfaces too. <\/p>\n<h4><i class=\"fa fa-smile-o\"><\/i>What if the plant next to my table is winking at me?<\/h4>\n<p>It&#8217;s just a game of imagination. You work too much without rest. Take a short break \ud83d\ude42<\/p>\n<\/div>\n<\/div><div class=\"fusion-sep-clear\"><\/div><div class=\"fusion-separator fusion-full-width-sep sep-single sep-solid\" style=\"border-color:rgba(224,222,222,0);border-top-width:1px;margin-left: auto;margin-right: auto;margin-top:10px;margin-bottom:10px;\"><\/div><div class=\"fusion-button-wrapper fusion-aligncenter\"><style type=\"text\/css\" scoped=\"scoped\">.fusion-button.button-1 .fusion-button-text, .fusion-button.button-1 i {color:#ffffff;}.fusion-button.button-1 {border-width:0px;border-color:#ffffff;}.fusion-button.button-1 .fusion-button-icon-divider{border-color:#ffffff;}.fusion-button.button-1:hover .fusion-button-text, .fusion-button.button-1:hover i,.fusion-button.button-1:focus .fusion-button-text, .fusion-button.button-1:focus i,.fusion-button.button-1:active .fusion-button-text, .fusion-button.button-1:active{color:#ffffff;}.fusion-button.button-1:hover, .fusion-button.button-1:focus, .fusion-button.button-1:active{border-width:0px;border-color:#ffffff;}.fusion-button.button-1:hover .fusion-button-icon-divider, .fusion-button.button-1:hover .fusion-button-icon-divider, .fusion-button.button-1:active .fusion-button-icon-divider{border-color:#ffffff;}.fusion-button.button-1{width:auto;}<\/style><a class=\"fusion-button button-flat fusion-button-round button-large button-default button-1\" target=\"_self\" href=\"\/en\/contact\/\"><span class=\"fusion-button-icon-divider button-icon-divider-left\"><i class=\"fa fa-comments\"><\/i><\/span><span class=\"fusion-button-text fusion-button-text-left\">Contact us<\/span><\/a><\/div><div class=\"fusion-sep-clear\"><\/div><div class=\"fusion-separator fusion-full-width-sep sep-single sep-solid\" style=\"border-color:rgba(224,222,222,0);border-top-width:1px;margin-left: auto;margin-right: auto;margin-top:10px;margin-bottom:10px;\"><\/div><div class=\"fusion-clearfix\"><\/div>\n\n\t\t\t\t\t<\/div>\n\t\t\t\t<\/div><\/div><\/div>\n","protected":false},"excerpt":{"rendered":"","protected":false},"author":1,"featured_media":0,"parent":0,"menu_order":0,"comment_status":"closed","ping_status":"closed","template":"","meta":{"footnotes":""},"class_list":["post-281","page","type-page","status-publish","hentry"],"yoast_head":"<!-- This site is optimized with the Yoast SEO plugin v26.1.1 - https:\/\/yoast.com\/wordpress\/plugins\/seo\/ -->\n<title>Green walls - GREENIN<\/title>\n<meta name=\"robots\" content=\"index, follow, max-snippet:-1, max-image-preview:large, max-video-preview:-1\" \/>\n<link rel=\"canonical\" href=\"https:\/\/greenin.hu\/en\/green-walls\/\" \/>\n<meta property=\"og:locale\" content=\"en_US\" \/>\n<meta property=\"og:type\" content=\"article\" \/>\n<meta property=\"og:title\" content=\"Green walls - GREENIN\" \/>\n<meta property=\"og:url\" content=\"https:\/\/greenin.hu\/en\/green-walls\/\" \/>\n<meta property=\"og:site_name\" content=\"GREENIN\" \/>\n<meta property=\"article:modified_time\" content=\"2018-04-26T08:32:32+00:00\" \/>\n<meta property=\"og:image\" content=\"http:\/\/greenin.hu\/wp-content\/uploads\/2018\/04\/green-office.jpg\" \/>\n<meta name=\"twitter:card\" content=\"summary_large_image\" \/>\n<meta name=\"twitter:label1\" content=\"Est. reading time\" \/>\n\t<meta name=\"twitter:data1\" content=\"4 minutes\" \/>\n<script type=\"application\/ld+json\" class=\"yoast-schema-graph\">{\"@context\":\"https:\/\/schema.org\",\"@graph\":[{\"@type\":\"WebPage\",\"@id\":\"https:\/\/greenin.hu\/en\/green-walls\/\",\"url\":\"https:\/\/greenin.hu\/en\/green-walls\/\",\"name\":\"Green walls - GREENIN\",\"isPartOf\":{\"@id\":\"https:\/\/greenin.hu\/#website\"},\"primaryImageOfPage\":{\"@id\":\"https:\/\/greenin.hu\/en\/green-walls\/#primaryimage\"},\"image\":{\"@id\":\"https:\/\/greenin.hu\/en\/green-walls\/#primaryimage\"},\"thumbnailUrl\":\"http:\/\/greenin.hu\/wp-content\/uploads\/2018\/04\/green-office.jpg\",\"datePublished\":\"2018-04-26T08:14:22+00:00\",\"dateModified\":\"2018-04-26T08:32:32+00:00\",\"breadcrumb\":{\"@id\":\"https:\/\/greenin.hu\/en\/green-walls\/#breadcrumb\"},\"inLanguage\":\"en-US\",\"potentialAction\":[{\"@type\":\"ReadAction\",\"target\":[\"https:\/\/greenin.hu\/en\/green-walls\/\"]}]},{\"@type\":\"ImageObject\",\"inLanguage\":\"en-US\",\"@id\":\"https:\/\/greenin.hu\/en\/green-walls\/#primaryimage\",\"url\":\"http:\/\/greenin.hu\/wp-content\/uploads\/2018\/04\/green-office.jpg\",\"contentUrl\":\"http:\/\/greenin.hu\/wp-content\/uploads\/2018\/04\/green-office.jpg\"},{\"@type\":\"BreadcrumbList\",\"@id\":\"https:\/\/greenin.hu\/en\/green-walls\/#breadcrumb\",\"itemListElement\":[{\"@type\":\"ListItem\",\"position\":1,\"name\":\"Kezd\u0151lap\",\"item\":\"https:\/\/greenin.hu\/en\/\"},{\"@type\":\"ListItem\",\"position\":2,\"name\":\"Green walls\"}]},{\"@type\":\"WebSite\",\"@id\":\"https:\/\/greenin.hu\/#website\",\"url\":\"https:\/\/greenin.hu\/\",\"name\":\"GREENIN\",\"description\":\"Irodai n\u00f6v\u00e9nyb\u00e9rl\u00e9s\",\"publisher\":{\"@id\":\"https:\/\/greenin.hu\/#organization\"},\"potentialAction\":[{\"@type\":\"SearchAction\",\"target\":{\"@type\":\"EntryPoint\",\"urlTemplate\":\"https:\/\/greenin.hu\/?s={search_term_string}\"},\"query-input\":{\"@type\":\"PropertyValueSpecification\",\"valueRequired\":true,\"valueName\":\"search_term_string\"}}],\"inLanguage\":\"en-US\"},{\"@type\":\"Organization\",\"@id\":\"https:\/\/greenin.hu\/#organization\",\"name\":\"GREENIN\",\"url\":\"https:\/\/greenin.hu\/\",\"logo\":{\"@type\":\"ImageObject\",\"inLanguage\":\"en-US\",\"@id\":\"https:\/\/greenin.hu\/#\/schema\/logo\/image\/\",\"url\":\"https:\/\/greenin.hu\/wp-content\/uploads\/2018\/03\/logo.png\",\"contentUrl\":\"https:\/\/greenin.hu\/wp-content\/uploads\/2018\/03\/logo.png\",\"width\":300,\"height\":70,\"caption\":\"GREENIN\"},\"image\":{\"@id\":\"https:\/\/greenin.hu\/#\/schema\/logo\/image\/\"}}]}<\/script>\n<!-- \/ Yoast SEO plugin. -->","yoast_head_json":{"title":"Green walls - GREENIN","robots":{"index":"index","follow":"follow","max-snippet":"max-snippet:-1","max-image-preview":"max-image-preview:large","max-video-preview":"max-video-preview:-1"},"canonical":"https:\/\/greenin.hu\/en\/green-walls\/","og_locale":"en_US","og_type":"article","og_title":"Green walls - GREENIN","og_url":"https:\/\/greenin.hu\/en\/green-walls\/","og_site_name":"GREENIN","article_modified_time":"2018-04-26T08:32:32+00:00","og_image":[{"url":"http:\/\/greenin.hu\/wp-content\/uploads\/2018\/04\/green-office.jpg","type":"","width":"","height":""}],"twitter_card":"summary_large_image","twitter_misc":{"Est. reading time":"4 minutes"},"schema":{"@context":"https:\/\/schema.org","@graph":[{"@type":"WebPage","@id":"https:\/\/greenin.hu\/en\/green-walls\/","url":"https:\/\/greenin.hu\/en\/green-walls\/","name":"Green walls - GREENIN","isPartOf":{"@id":"https:\/\/greenin.hu\/#website"},"primaryImageOfPage":{"@id":"https:\/\/greenin.hu\/en\/green-walls\/#primaryimage"},"image":{"@id":"https:\/\/greenin.hu\/en\/green-walls\/#primaryimage"},"thumbnailUrl":"http:\/\/greenin.hu\/wp-content\/uploads\/2018\/04\/green-office.jpg","datePublished":"2018-04-26T08:14:22+00:00","dateModified":"2018-04-26T08:32:32+00:00","breadcrumb":{"@id":"https:\/\/greenin.hu\/en\/green-walls\/#breadcrumb"},"inLanguage":"en-US","potentialAction":[{"@type":"ReadAction","target":["https:\/\/greenin.hu\/en\/green-walls\/"]}]},{"@type":"ImageObject","inLanguage":"en-US","@id":"https:\/\/greenin.hu\/en\/green-walls\/#primaryimage","url":"http:\/\/greenin.hu\/wp-content\/uploads\/2018\/04\/green-office.jpg","contentUrl":"http:\/\/greenin.hu\/wp-content\/uploads\/2018\/04\/green-office.jpg"},{"@type":"BreadcrumbList","@id":"https:\/\/greenin.hu\/en\/green-walls\/#breadcrumb","itemListElement":[{"@type":"ListItem","position":1,"name":"Kezd\u0151lap","item":"https:\/\/greenin.hu\/en\/"},{"@type":"ListItem","position":2,"name":"Green walls"}]},{"@type":"WebSite","@id":"https:\/\/greenin.hu\/#website","url":"https:\/\/greenin.hu\/","name":"GREENIN","description":"Irodai n\u00f6v\u00e9nyb\u00e9rl\u00e9s","publisher":{"@id":"https:\/\/greenin.hu\/#organization"},"potentialAction":[{"@type":"SearchAction","target":{"@type":"EntryPoint","urlTemplate":"https:\/\/greenin.hu\/?s={search_term_string}"},"query-input":{"@type":"PropertyValueSpecification","valueRequired":true,"valueName":"search_term_string"}}],"inLanguage":"en-US"},{"@type":"Organization","@id":"https:\/\/greenin.hu\/#organization","name":"GREENIN","url":"https:\/\/greenin.hu\/","logo":{"@type":"ImageObject","inLanguage":"en-US","@id":"https:\/\/greenin.hu\/#\/schema\/logo\/image\/","url":"https:\/\/greenin.hu\/wp-content\/uploads\/2018\/03\/logo.png","contentUrl":"https:\/\/greenin.hu\/wp-content\/uploads\/2018\/03\/logo.png","width":300,"height":70,"caption":"GREENIN"},"image":{"@id":"https:\/\/greenin.hu\/#\/schema\/logo\/image\/"}}]}},"_links":{"self":[{"href":"https:\/\/greenin.hu\/en\/wp-json\/wp\/v2\/pages\/281","targetHints":{"allow":["GET"]}}],"collection":[{"href":"https:\/\/greenin.hu\/en\/wp-json\/wp\/v2\/pages"}],"about":[{"href":"https:\/\/greenin.hu\/en\/wp-json\/wp\/v2\/types\/page"}],"author":[{"embeddable":true,"href":"https:\/\/greenin.hu\/en\/wp-json\/wp\/v2\/users\/1"}],"replies":[{"embeddable":true,"href":"https:\/\/greenin.hu\/en\/wp-json\/wp\/v2\/comments?post=281"}],"version-history":[{"count":2,"href":"https:\/\/greenin.hu\/en\/wp-json\/wp\/v2\/pages\/281\/revisions"}],"predecessor-version":[{"id":285,"href":"https:\/\/greenin.hu\/en\/wp-json\/wp\/v2\/pages\/281\/revisions\/285"}],"wp:attachment":[{"href":"https:\/\/greenin.hu\/en\/wp-json\/wp\/v2\/media?parent=281"}],"curies":[{"name":"wp","href":"https:\/\/api.w.org\/{rel}","templated":true}]}}